{"id":7870,"date":"2021-02-09T09:31:42","date_gmt":"2021-02-09T08:31:42","guid":{"rendered":"https:\/\/origenaventura.com\/?page_id=7870"},"modified":"2024-08-14T07:54:05","modified_gmt":"2024-08-14T06:54:05","slug":"contacte","status":"publish","type":"page","link":"https:\/\/origenaventura.com\/es\/contacte\/","title":{"rendered":"Contacto"},"content":{"rendered":"\t\t<div data-elementor-type=\"wp-post\" data-elementor-id=\"7870\" class=\"elementor elementor-7870\" data-elementor-settings=\"{&quot;ha_cmc_init_switcher&quot;:&quot;no&quot;}\">\n\t\t\t\t\t\t<section class=\"elementor-section elementor-top-section elementor-element elementor-element-bbdd796 elementor-section-height-default elementor-section-boxed elementor-section-height-default\" data-id=\"bbdd796\" data-element_type=\"section\" data-e-type=\"section\" data-settings=\"{&quot;shape_divider_top&quot;:&quot;mountains&quot;,&quot;shape_divider_bottom&quot;:&quot;mountains&quot;,&quot;_ha_eqh_enable&quot;:false}\">\n\t\t\t\t\t<div class=\"elementor-shape elementor-shape-top\" aria-hidden=\"true\" data-negative=\"false\">\n\t\t\t<svg xmlns=\"http:\/\/www.w3.org\/2000\/svg\" viewBox=\"0 0 1000 100\" preserveAspectRatio=\"none\">\n\t<path class=\"elementor-shape-fill\" opacity=\"0.33\" d=\"M473,67.3c-203.9,88.3-263.1-34-320.3,0C66,119.1,0,59.7,0,59.7V0h1000v59.7 c0,0-62.1,26.1-94.9,29.3c-32.8,3.3-62.8-12.3-75.8-22.1C806,49.6,745.3,8.7,694.9,4.7S492.4,59,473,67.3z\"\/>\n\t<path class=\"elementor-shape-fill\" opacity=\"0.66\" d=\"M734,67.3c-45.5,0-77.2-23.2-129.1-39.1c-28.6-8.7-150.3-10.1-254,39.1 s-91.7-34.4-149.2,0C115.7,118.3,0,39.8,0,39.8V0h1000v36.5c0,0-28.2-18.5-92.1-18.5C810.2,18.1,775.7,67.3,734,67.3z\"\/>\n\t<path class=\"elementor-shape-fill\" d=\"M766.1,28.9c-200-57.5-266,65.5-395.1,19.5C242,1.8,242,5.4,184.8,20.6C128,35.8,132.3,44.9,89.9,52.5C28.6,63.7,0,0,0,0 h1000c0,0-9.9,40.9-83.6,48.1S829.6,47,766.1,28.9z\"\/>\n<\/svg>\t\t<\/div>\n\t\t\t\t<div class=\"elementor-shape elementor-shape-bottom\" aria-hidden=\"true\" data-negative=\"false\">\n\t\t\t<svg xmlns=\"http:\/\/www.w3.org\/2000\/svg\" viewBox=\"0 0 1000 100\" preserveAspectRatio=\"none\">\n\t<path class=\"elementor-shape-fill\" opacity=\"0.33\" d=\"M473,67.3c-203.9,88.3-263.1-34-320.3,0C66,119.1,0,59.7,0,59.7V0h1000v59.7 c0,0-62.1,26.1-94.9,29.3c-32.8,3.3-62.8-12.3-75.8-22.1C806,49.6,745.3,8.7,694.9,4.7S492.4,59,473,67.3z\"\/>\n\t<path class=\"elementor-shape-fill\" opacity=\"0.66\" d=\"M734,67.3c-45.5,0-77.2-23.2-129.1-39.1c-28.6-8.7-150.3-10.1-254,39.1 s-91.7-34.4-149.2,0C115.7,118.3,0,39.8,0,39.8V0h1000v36.5c0,0-28.2-18.5-92.1-18.5C810.2,18.1,775.7,67.3,734,67.3z\"\/>\n\t<path class=\"elementor-shape-fill\" d=\"M766.1,28.9c-200-57.5-266,65.5-395.1,19.5C242,1.8,242,5.4,184.8,20.6C128,35.8,132.3,44.9,89.9,52.5C28.6,63.7,0,0,0,0 h1000c0,0-9.9,40.9-83.6,48.1S829.6,47,766.1,28.9z\"\/>\n<\/svg>\t\t<\/div>\n\t\t\t\t\t<div class=\"elementor-container elementor-column-gap-default\">\n\t\t\t\t\t<div class=\"elementor-column elementor-col-50 elementor-inner-column elementor-element elementor-element-5b23e9f\" data-id=\"5b23e9f\" data-element_type=\"column\" data-e-type=\"column\" data-settings=\"{&quot;background_background&quot;:&quot;classic&quot;}\">\n\t\t\t<div class=\"elementor-widget-wrap elementor-element-populated\">\n\t\t\t\t\t<div class=\"elementor-background-overlay\"><\/div>\n\t\t\t\t\t\t<div class=\"elementor-element elementor-element-fb621a8 ha-has-bg-overlay elementor-widget elementor-widget-text-editor\" data-id=\"fb621a8\" data-element_type=\"widget\" data-e-type=\"widget\" data-widget_type=\"text-editor.default\">\n\t\t\t\t<div class=\"elementor-widget-container\">\n\t\t\t\t\t\t\t\t\t<h3 style=\"text-align: center;\"><strong><span style=\"color: #008d36;\">Contacta amb nosaltres<\/span><\/strong><\/h3>\t\t\t\t\t\t\t\t<\/div>\n\t\t\t\t<\/div>\n\t\t\t\t<div class=\"elementor-element elementor-element-22bdf90 ha-has-bg-overlay elementor-widget elementor-widget-shortcode\" data-id=\"22bdf90\" data-element_type=\"widget\" data-e-type=\"widget\" data-widget_type=\"shortcode.default\">\n\t\t\t\t<div class=\"elementor-widget-container\">\n\t\t\t\t\t\t\t<div class=\"elementor-shortcode\"><div class=\"everest-forms\"><div class=\"evf-container default\" id=\"evf-1763\"><form id=\"evf-form-1763\" class=\"everest-form\" data-formid=\"1763\" data-ajax_submission=\"0\" data-keyboard_friendly_form=\"0\" data-form_state_type=\"\" method=\"post\" enctype=\"multipart\/form-data\" action=\"\/es\/wp-json\/wp\/v2\/pages\/7870\"><div class=\"evf-field-container\"><input type=\"hidden\" id=\"_wpnonce1763\" name=\"_wpnonce1763\" value=\"ada99d4e90\" \/><input type=\"hidden\" name=\"_wp_http_referer\" value=\"\/es\/wp-json\/wp\/v2\/pages\/7870\" \/><div class=\"evf-frontend-row\" data-row=\"row_1\" conditional_rules=\"[]\"><div class=\"evf-frontend-grid evf-grid-1\" data-grid=\"grid_1\"><div id=\"evf-1763-field_fullname-container\" class=\"evf-field evf-field-text form-row validate-required\" data-required-field-message=\"Aquest camp \u00e9s obligatori.\" data-field-id=\"fullname\"><label class=\"evf-field-label\" for=\"evf-1763-field_fullname\"><span class=\"evf-label\">Nom i cognoms<\/span> <abbr class=\"required\" title=\"Obligatorio\">*<\/abbr><\/label><input type=\"text\" id=\"evf-1763-field_fullname\" class=\"input-text\" name=\"everest_forms[form_fields][fullname]\" required><\/div><div id=\"evf-1763-field_email-container\" class=\"evf-field evf-field-email form-row validate-required validate-email\" data-required-field-message=\"Si us plau, utilitza una adre\u00e7a de correu electr\u00f2nic v\u00e0lida\" data-field-id=\"email\"><label class=\"evf-field-label\" for=\"evf-1763-field_email\"><span class=\"evf-label\">E-mail<\/span> <abbr class=\"required\" title=\"Obligatorio\">*<\/abbr><\/label><input type=\"email\" id=\"evf-1763-field_email\" class=\"input-text\" name=\"everest_forms[form_fields][email]\" required ><\/div><div id=\"evf-1763-field_l6SgRgDWte-10-container\" class=\"evf-field evf-field-text form-row validate-required\" data-required-field-message=\"Este campo es obligatorio.\" data-field-id=\"l6SgRgDWte-10\"><label class=\"evf-field-label\" for=\"evf-1763-field_l6SgRgDWte-10\"><span class=\"evf-label\">Tel\u00e8fon<\/span> <abbr class=\"required\" title=\"Obligatorio\">*<\/abbr><\/label><input type=\"text\" id=\"evf-1763-field_l6SgRgDWte-10\" class=\"input-text\" name=\"everest_forms[form_fields][l6SgRgDWte-10]\" required><\/div><div id=\"evf-1763-field_message-container\" class=\"evf-field evf-field-textarea form-row validate-required\" data-required-field-message=\"Aquest camp \u00e9s obligatori.\" data-field-id=\"message\"><label class=\"evf-field-label\" for=\"evf-1763-field_message\"><span class=\"evf-label\">Missatge<\/span> <abbr class=\"required\" title=\"Obligatorio\">*<\/abbr><\/label><textarea id=\"evf-1763-field_message\" class=\"input-text\" name=\"everest_forms[form_fields][message]\" required ><\/textarea><\/div><div id=\"evf-1763-field_dhNEmHyCvx-3-container\" class=\"evf-field evf-field-checkbox form-row validate-required\" data-required-field-message=\"Aquest camp \u00e9s obligatori.\" data-field-id=\"dhNEmHyCvx-3\"><label class=\"evf-field-label evf-label-hide\" for=\"evf-1763-field_dhNEmHyCvx-3\"><span class=\"evf-label\">Casillas de verificaci\u00f3n<\/span> <abbr class=\"required\" title=\"Obligatorio\">*<\/abbr><\/label><ul id=\"evf-1763-field_dhNEmHyCvx-3\" class=\" evf-field-required\"><li class=\"choice-1 depth-1\"><input type=\"checkbox\" id=\"evf-1763-field_dhNEmHyCvx-3_1\" class=\"input-text\" name=\"everest_forms[form_fields][dhNEmHyCvx-3][]\" value=\"Accepto la &lt;a href=&quot;https:\/\/www.origenaventura.com\/politica-de-privacitat&quot;&gt;Pol\u00edtica de Privacitat&lt;\/a&gt; *\" required ><label class=\"everest-forms-field-label-inline\" for=\"evf-1763-field_dhNEmHyCvx-3_1\">Accepto la <a href=\"https:\/\/www.origenaventura.com\/politica-de-privacitat\">Pol\u00edtica de Privacitat<\/a> *<\/label><\/li><\/ul><\/div><\/div><\/div><\/div><div class=\"evf-honeypot-container evf-field-hp\"><label for=\"evf-1763-field-hp\" class=\"evf-field-label\">Email<\/label><input type=\"text\" name=\"everest_forms[hp]\" id=\"evf-1763-field-hp\" class=\"input-text\"><\/div><div class=\"evf-submit-container \" ><input type=\"hidden\" name=\"everest_forms[id]\" value=\"1763\"><input type=\"hidden\" name=\"everest_forms[author]\" value=\"2\"><button type='submit' name='everest_forms[submit]' class='everest-forms-submit-button button evf-submit ' id='evf-submit-1763' value='evf-submit' data-process-text=\"Enviant...\" conditional_rules='&quot;&quot;' conditional_id='evf-submit-1763'  id=\"evf-submit-1763\" aria-live=\"assertive\">Enviar<\/button><\/div><\/form><\/div><!-- .evf-container --><\/div><\/div>\n\t\t\t\t\t\t<\/div>\n\t\t\t\t<\/div>\n\t\t\t\t\t<\/div>\n\t\t<\/div>\n\t\t\t\t<div class=\"elementor-column elementor-col-50 elementor-inner-column elementor-element elementor-element-20e2f1f\" data-id=\"20e2f1f\" data-element_type=\"column\" data-e-type=\"column\" data-settings=\"{&quot;background_background&quot;:&quot;classic&quot;}\">\n\t\t\t<div class=\"elementor-widget-wrap elementor-element-populated\">\n\t\t\t\t\t<div class=\"elementor-background-overlay\"><\/div>\n\t\t\t\t\t\t<div class=\"elementor-element elementor-element-20f01d9 elementor-widget__width-initial elementor-widget elementor-widget-heading\" data-id=\"20f01d9\" data-element_type=\"widget\" data-e-type=\"widget\" data-widget_type=\"heading.default\">\n\t\t\t\t<div class=\"elementor-widget-container\">\n\t\t\t\t\t<h3 class=\"elementor-heading-title elementor-size-default\"><b>M\u00e9s informaci\u00f3<\/b><\/h3>\t\t\t\t<\/div>\n\t\t\t\t<\/div>\n\t\t\t\t<div class=\"elementor-element elementor-element-79492a7 elementor-align-center elementor-icon-list--layout-traditional elementor-list-item-link-full_width elementor-widget elementor-widget-icon-list\" data-id=\"79492a7\" data-element_type=\"widget\" data-e-type=\"widget\" data-widget_type=\"icon-list.default\">\n\t\t\t\t<div class=\"elementor-widget-container\">\n\t\t\t\t\t\t\t<ul class=\"elementor-icon-list-items\">\n\t\t\t\t\t\t\t<li class=\"elementor-icon-list-item\">\n\t\t\t\t\t\t\t\t\t\t\t<a href=\"https:\/\/t.me\/oaventura\">\n\n\t\t\t\t\t\t\t\t\t\t\t\t<span class=\"elementor-icon-list-icon\">\n\t\t\t\t\t\t\t<i aria-hidden=\"true\" class=\"fab fa-telegram-plane\"><\/i>\t\t\t\t\t\t<\/span>\n\t\t\t\t\t\t\t\t\t\t<span class=\"elementor-icon-list-text\">Canal d'activitats Origen Aventura<\/span>\n\t\t\t\t\t\t\t\t\t\t\t<\/a>\n\t\t\t\t\t\t\t\t\t<\/li>\n\t\t\t\t\t\t\t\t<li class=\"elementor-icon-list-item\">\n\t\t\t\t\t\t\t\t\t\t\t<a href=\"https:\/\/www.instagram.com\/origenaventura\">\n\n\t\t\t\t\t\t\t\t\t\t\t\t<span class=\"elementor-icon-list-icon\">\n\t\t\t\t\t\t\t<i aria-hidden=\"true\" class=\"fab fa-instagram\"><\/i>\t\t\t\t\t\t<\/span>\n\t\t\t\t\t\t\t\t\t\t<span class=\"elementor-icon-list-text\">@origenaventura<\/span>\n\t\t\t\t\t\t\t\t\t\t\t<\/a>\n\t\t\t\t\t\t\t\t\t<\/li>\n\t\t\t\t\t\t\t\t<li class=\"elementor-icon-list-item\">\n\t\t\t\t\t\t\t\t\t\t\t<a href=\"https:\/\/wa.me\/34607168382\">\n\n\t\t\t\t\t\t\t\t\t\t\t\t<span class=\"elementor-icon-list-icon\">\n\t\t\t\t\t\t\t<i aria-hidden=\"true\" class=\"fab fa-whatsapp\"><\/i>\t\t\t\t\t\t<\/span>\n\t\t\t\t\t\t\t\t\t\t<span class=\"elementor-icon-list-text\">+34 607 168 382<\/span>\n\t\t\t\t\t\t\t\t\t\t\t<\/a>\n\t\t\t\t\t\t\t\t\t<\/li>\n\t\t\t\t\t\t\t\t<li class=\"elementor-icon-list-item\">\n\t\t\t\t\t\t\t\t\t\t\t<a href=\"https:\/\/www.facebook.com\/origenaventura-104670288247968\">\n\n\t\t\t\t\t\t\t\t\t\t\t\t<span class=\"elementor-icon-list-icon\">\n\t\t\t\t\t\t\t<i aria-hidden=\"true\" class=\"fab fa-facebook-f\"><\/i>\t\t\t\t\t\t<\/span>\n\t\t\t\t\t\t\t\t\t\t<span class=\"elementor-icon-list-text\">Origen Aventura<\/span>\n\t\t\t\t\t\t\t\t\t\t\t<\/a>\n\t\t\t\t\t\t\t\t\t<\/li>\n\t\t\t\t\t\t\t\t<li class=\"elementor-icon-list-item\">\n\t\t\t\t\t\t\t\t\t\t\t<a href=\"mailto:info@origenaventura.com\">\n\n\t\t\t\t\t\t\t\t\t\t\t\t<span class=\"elementor-icon-list-icon\">\n\t\t\t\t\t\t\t<i aria-hidden=\"true\" class=\"far fa-envelope-open\"><\/i>\t\t\t\t\t\t<\/span>\n\t\t\t\t\t\t\t\t\t\t<span class=\"elementor-icon-list-text\">info@origenaventura.com<\/span>\n\t\t\t\t\t\t\t\t\t\t\t<\/a>\n\t\t\t\t\t\t\t\t\t<\/li>\n\t\t\t\t\t\t\t\t<li class=\"elementor-icon-list-item\">\n\t\t\t\t\t\t\t\t\t\t\t<a href=\"tel:+34607168382\">\n\n\t\t\t\t\t\t\t\t\t\t\t\t<span class=\"elementor-icon-list-icon\">\n\t\t\t\t\t\t\t<i aria-hidden=\"true\" class=\"fas fa-phone-alt\"><\/i>\t\t\t\t\t\t<\/span>\n\t\t\t\t\t\t\t\t\t\t<span class=\"elementor-icon-list-text\">+34 607 168 382<\/span>\n\t\t\t\t\t\t\t\t\t\t\t<\/a>\n\t\t\t\t\t\t\t\t\t<\/li>\n\t\t\t\t\t\t<\/ul>\n\t\t\t\t\t\t<\/div>\n\t\t\t\t<\/div>\n\t\t\t\t\t<\/div>\n\t\t<\/div>\n\t\t\t\t\t<\/div>\n\t\t<\/section>\n\t\t\t\t<\/div>\n\t\t","protected":false},"excerpt":{"rendered":"<p>Contacta amb nosaltres M\u00e9s informaci\u00f3 Canal d&#8217;activitats Origen Aventura @origenaventura +34 607 168 382 Origen Aventura info@origenaventura.com +34 607 168 382<\/p>","protected":false},"author":2,"featured_media":1471,"parent":0,"menu_order":0,"comment_status":"closed","ping_status":"closed","template":"","meta":{"site-sidebar-layout":"no-sidebar","site-content-layout":"page-builder","ast-site-content-layout":"full-width-container","site-content-style":"unboxed","site-sidebar-style":"unboxed","ast-global-header-display":"","ast-banner-title-visibility":"","ast-main-header-display":"","ast-hfb-above-header-display":"","ast-hfb-below-header-display":"","ast-hfb-mobile-header-display":"","site-post-title":"disabled","ast-breadcrumbs-content":"","ast-featured-img":"disabled","footer-sml-layout":"","ast-disable-related-posts":"","theme-transparent-header-meta":"disabled","adv-header-id-meta":"","stick-header-meta":"","header-above-stick-meta":"","header-main-stick-meta":"","header-below-stick-meta":"","astra-migrate-meta-layouts":"set","ast-page-background-enabled":"default","ast-page-background-meta":{"desktop":{"background-color":"","background-image":"","background-repeat":"repeat","background-position":"center center","background-size":"auto","background-attachment":"scroll","background-type":"","background-media":"","overlay-type":"","overlay-color":"","overlay-opacity":"","overlay-gradient":""},"tablet":{"background-color":"","background-image":"","background-repeat":"repeat","background-position":"center center","background-size":"auto","background-attachment":"scroll","background-type":"","background-media":"","overlay-type":"","overlay-color":"","overlay-opacity":"","overlay-gradient":""},"mobile":{"background-color":"","background-image":"","background-repeat":"repeat","background-position":"center center","background-size":"auto","background-attachment":"scroll","background-type":"","background-media":"","overlay-type":"","overlay-color":"","overlay-opacity":"","overlay-gradient":""}},"ast-content-background-meta":{"desktop":{"background-color":"var(--ast-global-color-5)","background-image":"","background-repeat":"repeat","background-position":"center center","background-size":"auto","background-attachment":"scroll","background-type":"","background-media":"","overlay-type":"","overlay-color":"","overlay-opacity":"","overlay-gradient":""},"tablet":{"background-color":"var(--ast-global-color-5)","background-image":"","background-repeat":"repeat","background-position":"center center","background-size":"auto","background-attachment":"scroll","background-type":"","background-media":"","overlay-type":"","overlay-color":"","overlay-opacity":"","overlay-gradient":""},"mobile":{"background-color":"var(--ast-global-color-5)","background-image":"","background-repeat":"repeat","background-position":"center center","background-size":"auto","background-attachment":"scroll","background-type":"","background-media":"","overlay-type":"","overlay-color":"","overlay-opacity":"","overlay-gradient":""}},"footnotes":""},"class_list":["post-7870","page","type-page","status-publish","has-post-thumbnail","hentry"],"yoast_head":"<!-- This site is optimized with the Yoast SEO plugin v27.5 - https:\/\/yoast.com\/product\/yoast-seo-wordpress\/ -->\n<title>Contacta amb Origen Aventura<\/title>\n<meta name=\"description\" content=\"Per Whatsapp, e-mail, tel\u00e8fon o instagram!\" \/>\n<meta name=\"robots\" content=\"noindex, nofollow\" \/>\n<meta property=\"og:locale\" content=\"es_ES\" \/>\n<meta property=\"og:type\" content=\"article\" \/>\n<meta property=\"og:title\" content=\"Contacta amb Origen Aventura\" \/>\n<meta property=\"og:description\" content=\"Per Whatsapp, e-mail, tel\u00e8fon o instagram!\" \/>\n<meta property=\"og:url\" content=\"https:\/\/origenaventura.com\/es\/contacte\/\" \/>\n<meta property=\"og:site_name\" content=\"Origen Aventura | Barranquisme | Vies ferrades | Guia professional\" \/>\n<meta property=\"article:publisher\" content=\"https:\/\/www.facebook.com\/origenaventura-104670288247968\" \/>\n<meta property=\"article:modified_time\" content=\"2024-08-14T06:54:05+00:00\" \/>\n<meta property=\"og:image\" content=\"https:\/\/origenaventura.com\/wp-content\/uploads\/2020\/12\/P5200201-scaled.jpg\" \/>\n\t<meta property=\"og:image:width\" content=\"2560\" \/>\n\t<meta property=\"og:image:height\" content=\"1920\" \/>\n\t<meta property=\"og:image:type\" content=\"image\/jpeg\" \/>\n<meta name=\"twitter:card\" content=\"summary_large_image\" \/>\n<meta name=\"twitter:label1\" content=\"Tiempo de lectura\" \/>\n\t<meta name=\"twitter:data1\" content=\"1 minuto\" \/>\n<script type=\"application\/ld+json\" class=\"yoast-schema-graph\">{\"@context\":\"https:\\\/\\\/schema.org\",\"@graph\":[{\"@type\":[\"WebPage\",\"ContactPage\"],\"@id\":\"https:\\\/\\\/origenaventura.com\\\/contacte\\\/\",\"url\":\"https:\\\/\\\/origenaventura.com\\\/contacte\\\/\",\"name\":\"Contacta amb Origen Aventura\",\"isPartOf\":{\"@id\":\"https:\\\/\\\/origenaventura.com\\\/#website\"},\"primaryImageOfPage\":{\"@id\":\"https:\\\/\\\/origenaventura.com\\\/contacte\\\/#primaryimage\"},\"image\":{\"@id\":\"https:\\\/\\\/origenaventura.com\\\/contacte\\\/#primaryimage\"},\"thumbnailUrl\":\"https:\\\/\\\/origenaventura.com\\\/wp-content\\\/uploads\\\/2020\\\/12\\\/P5200201-scaled.jpg\",\"datePublished\":\"2021-02-09T08:31:42+00:00\",\"dateModified\":\"2024-08-14T06:54:05+00:00\",\"description\":\"Per Whatsapp, e-mail, tel\u00e8fon o instagram!\",\"breadcrumb\":{\"@id\":\"https:\\\/\\\/origenaventura.com\\\/contacte\\\/#breadcrumb\"},\"inLanguage\":\"es\",\"potentialAction\":[{\"@type\":\"ReadAction\",\"target\":[\"https:\\\/\\\/origenaventura.com\\\/contacte\\\/\"]}]},{\"@type\":\"ImageObject\",\"inLanguage\":\"es\",\"@id\":\"https:\\\/\\\/origenaventura.com\\\/contacte\\\/#primaryimage\",\"url\":\"https:\\\/\\\/origenaventura.com\\\/wp-content\\\/uploads\\\/2020\\\/12\\\/P5200201-scaled.jpg\",\"contentUrl\":\"https:\\\/\\\/origenaventura.com\\\/wp-content\\\/uploads\\\/2020\\\/12\\\/P5200201-scaled.jpg\",\"width\":2560,\"height\":1920,\"caption\":\"OLYMPUS DIGITAL CAMERA\"},{\"@type\":\"BreadcrumbList\",\"@id\":\"https:\\\/\\\/origenaventura.com\\\/contacte\\\/#breadcrumb\",\"itemListElement\":[{\"@type\":\"ListItem\",\"position\":1,\"name\":\"Portada\",\"item\":\"https:\\\/\\\/origenaventura.com\\\/\"},{\"@type\":\"ListItem\",\"position\":2,\"name\":\"Contacte\"}]},{\"@type\":\"WebSite\",\"@id\":\"https:\\\/\\\/origenaventura.com\\\/#website\",\"url\":\"https:\\\/\\\/origenaventura.com\\\/\",\"name\":\"Origen Aventura | Barranquisme | Vies ferrades | Guia professional\",\"description\":\"Ei oh l&#039;ets go!\",\"publisher\":{\"@id\":\"https:\\\/\\\/origenaventura.com\\\/#organization\"},\"potentialAction\":[{\"@type\":\"SearchAction\",\"target\":{\"@type\":\"EntryPoint\",\"urlTemplate\":\"https:\\\/\\\/origenaventura.com\\\/?s={search_term_string}\"},\"query-input\":{\"@type\":\"PropertyValueSpecification\",\"valueRequired\":true,\"valueName\":\"search_term_string\"}}],\"inLanguage\":\"es\"},{\"@type\":\"Organization\",\"@id\":\"https:\\\/\\\/origenaventura.com\\\/#organization\",\"name\":\"Origen Aventura | Barranquisme | Vies ferrades | Guia professional\",\"url\":\"https:\\\/\\\/origenaventura.com\\\/\",\"logo\":{\"@type\":\"ImageObject\",\"inLanguage\":\"es\",\"@id\":\"https:\\\/\\\/origenaventura.com\\\/#\\\/schema\\\/logo\\\/image\\\/\",\"url\":\"https:\\\/\\\/origenaventura.com\\\/wp-content\\\/uploads\\\/2024\\\/11\\\/cropped-OA_02.png\",\"contentUrl\":\"https:\\\/\\\/origenaventura.com\\\/wp-content\\\/uploads\\\/2024\\\/11\\\/cropped-OA_02.png\",\"width\":500,\"height\":155,\"caption\":\"Origen Aventura | Barranquisme | Vies ferrades | Guia professional\"},\"image\":{\"@id\":\"https:\\\/\\\/origenaventura.com\\\/#\\\/schema\\\/logo\\\/image\\\/\"},\"sameAs\":[\"https:\\\/\\\/www.facebook.com\\\/origenaventura-104670288247968\",\"https:\\\/\\\/www.instagram.com\\\/origenaventura\\\/\",\"https:\\\/\\\/www.youtube.com\\\/channel\\\/UCT933FHnH-lN-qUoIyvd4nQ\"]}]}<\/script>\n<!-- \/ Yoast SEO plugin. -->","yoast_head_json":{"title":"Contacta amb Origen Aventura","description":"Per Whatsapp, e-mail, tel\u00e8fon o instagram!","robots":{"index":"noindex","follow":"nofollow"},"og_locale":"es_ES","og_type":"article","og_title":"Contacta amb Origen Aventura","og_description":"Per Whatsapp, e-mail, tel\u00e8fon o instagram!","og_url":"https:\/\/origenaventura.com\/es\/contacte\/","og_site_name":"Origen Aventura | Barranquisme | Vies ferrades | Guia professional","article_publisher":"https:\/\/www.facebook.com\/origenaventura-104670288247968","article_modified_time":"2024-08-14T06:54:05+00:00","og_image":[{"width":2560,"height":1920,"url":"https:\/\/origenaventura.com\/wp-content\/uploads\/2020\/12\/P5200201-scaled.jpg","type":"image\/jpeg"}],"twitter_card":"summary_large_image","twitter_misc":{"Tiempo de lectura":"1 minuto"},"schema":{"@context":"https:\/\/schema.org","@graph":[{"@type":["WebPage","ContactPage"],"@id":"https:\/\/origenaventura.com\/contacte\/","url":"https:\/\/origenaventura.com\/contacte\/","name":"Contacta amb Origen Aventura","isPartOf":{"@id":"https:\/\/origenaventura.com\/#website"},"primaryImageOfPage":{"@id":"https:\/\/origenaventura.com\/contacte\/#primaryimage"},"image":{"@id":"https:\/\/origenaventura.com\/contacte\/#primaryimage"},"thumbnailUrl":"https:\/\/origenaventura.com\/wp-content\/uploads\/2020\/12\/P5200201-scaled.jpg","datePublished":"2021-02-09T08:31:42+00:00","dateModified":"2024-08-14T06:54:05+00:00","description":"Per Whatsapp, e-mail, tel\u00e8fon o instagram!","breadcrumb":{"@id":"https:\/\/origenaventura.com\/contacte\/#breadcrumb"},"inLanguage":"es","potentialAction":[{"@type":"ReadAction","target":["https:\/\/origenaventura.com\/contacte\/"]}]},{"@type":"ImageObject","inLanguage":"es","@id":"https:\/\/origenaventura.com\/contacte\/#primaryimage","url":"https:\/\/origenaventura.com\/wp-content\/uploads\/2020\/12\/P5200201-scaled.jpg","contentUrl":"https:\/\/origenaventura.com\/wp-content\/uploads\/2020\/12\/P5200201-scaled.jpg","width":2560,"height":1920,"caption":"OLYMPUS DIGITAL CAMERA"},{"@type":"BreadcrumbList","@id":"https:\/\/origenaventura.com\/contacte\/#breadcrumb","itemListElement":[{"@type":"ListItem","position":1,"name":"Portada","item":"https:\/\/origenaventura.com\/"},{"@type":"ListItem","position":2,"name":"Contacte"}]},{"@type":"WebSite","@id":"https:\/\/origenaventura.com\/#website","url":"https:\/\/origenaventura.com\/","name":"Origen Aventura | Barranquisme | Vies ferrades | Guia professional","description":"Ei oh l&#039;ets go!","publisher":{"@id":"https:\/\/origenaventura.com\/#organization"},"potentialAction":[{"@type":"SearchAction","target":{"@type":"EntryPoint","urlTemplate":"https:\/\/origenaventura.com\/?s={search_term_string}"},"query-input":{"@type":"PropertyValueSpecification","valueRequired":true,"valueName":"search_term_string"}}],"inLanguage":"es"},{"@type":"Organization","@id":"https:\/\/origenaventura.com\/#organization","name":"Origen Aventura | Barranquisme | Vies ferrades | Guia professional","url":"https:\/\/origenaventura.com\/","logo":{"@type":"ImageObject","inLanguage":"es","@id":"https:\/\/origenaventura.com\/#\/schema\/logo\/image\/","url":"https:\/\/origenaventura.com\/wp-content\/uploads\/2024\/11\/cropped-OA_02.png","contentUrl":"https:\/\/origenaventura.com\/wp-content\/uploads\/2024\/11\/cropped-OA_02.png","width":500,"height":155,"caption":"Origen Aventura | Barranquisme | Vies ferrades | Guia professional"},"image":{"@id":"https:\/\/origenaventura.com\/#\/schema\/logo\/image\/"},"sameAs":["https:\/\/www.facebook.com\/origenaventura-104670288247968","https:\/\/www.instagram.com\/origenaventura\/","https:\/\/www.youtube.com\/channel\/UCT933FHnH-lN-qUoIyvd4nQ"]}]}},"_links":{"self":[{"href":"https:\/\/origenaventura.com\/es\/wp-json\/wp\/v2\/pages\/7870","targetHints":{"allow":["GET"]}}],"collection":[{"href":"https:\/\/origenaventura.com\/es\/wp-json\/wp\/v2\/pages"}],"about":[{"href":"https:\/\/origenaventura.com\/es\/wp-json\/wp\/v2\/types\/page"}],"author":[{"embeddable":true,"href":"https:\/\/origenaventura.com\/es\/wp-json\/wp\/v2\/users\/2"}],"replies":[{"embeddable":true,"href":"https:\/\/origenaventura.com\/es\/wp-json\/wp\/v2\/comments?post=7870"}],"version-history":[{"count":3,"href":"https:\/\/origenaventura.com\/es\/wp-json\/wp\/v2\/pages\/7870\/revisions"}],"predecessor-version":[{"id":17550,"href":"https:\/\/origenaventura.com\/es\/wp-json\/wp\/v2\/pages\/7870\/revisions\/17550"}],"wp:featuredmedia":[{"embeddable":true,"href":"https:\/\/origenaventura.com\/es\/wp-json\/wp\/v2\/media\/1471"}],"wp:attachment":[{"href":"https:\/\/origenaventura.com\/es\/wp-json\/wp\/v2\/media?parent=7870"}],"curies":[{"name":"wp","href":"https:\/\/api.w.org\/{rel}","templated":true}]}}